{"id":15,"date":"2025-04-21T17:16:18","date_gmt":"2025-04-21T15:16:18","guid":{"rendered":"http:\/\/rutapeixe.clientes.galiciadigital.com\/?page_id=15"},"modified":"2025-09-08T10:41:54","modified_gmt":"2025-09-08T08:41:54","slug":"calendario-de-citas","status":"publish","type":"page","link":"https:\/\/reservasbarcoboniteiro.burela.org\/gl\/","title":{"rendered":"Reservar visita \u2013 Barco Museo Boniteiro \u00abReina del Carmen\u00bb"},"content":{"rendered":"<div class=\"wp-block-group has-global-padding is-layout-constrained wp-block-group-is-layout-constrained\" style=\"margin-top:30px;margin-bottom:30px\">\n<h2 class=\"wp-block-heading has-large-font-size\">Visitas para o p\u00fablico xeral<\/h2>\n\n\n\n<p>Visitas guiadas de 1 hora de duraci\u00f3n. M\u00e1ximo 20 persoas por visita.<\/p>\n\n\n\n<p>\u00c9 imprescindible ter reserva previa para entrar ao Barco.<\/p>\n<\/div>\n\n\n\n<div class=\"wp-block-group has-global-padding is-layout-constrained wp-block-group-is-layout-constrained\" style=\"margin-top:30px;margin-bottom:30px\">\n<h3 class=\"wp-block-heading has-large-font-size\">Horarios<\/h3>\n\n\n\n<p><u>De setembro a xu\u00f1o:<\/u> de martes a venres visitas \u00e1s 11:00h-12:00h-13:00h-17:00h-18:00h. S\u00e1bados \u00e1s 11:00h-12:00h-13:00h.<br>Pechado os domingos, luns e festivos.<\/p>\n\n\n\n<p><u>De xu\u00f1o a setembro:<\/u> de luns a venres visitas \u00e1s 11:00h-12:00h-13:00h-17:00h-18:00h-19:00h. S\u00e1bados \u00e1s 11:00h-12:00h-13:00h.<br>Pechado os domingos.<\/p>\n<\/div>\n\n\n\n<div class=\"wp-block-group has-global-padding is-layout-constrained wp-block-group-is-layout-constrained\">\n<h3 class=\"wp-block-heading has-large-font-size\">T\u00e1boa de prezos<\/h3>\n<\/div>\n\n\n\n<ul class=\"wp-block-list\">\n<li>Maiores de 18 anos: 5\u20ac<\/li>\n\n\n\n<li>De 8 a 17 anos: 3\u20ac<\/li>\n\n\n\n<li>Menores de 8 anos: 0\u20ac<\/li>\n\n\n\n<li><a href=\"https:\/\/burela.org\/gl\/barco-museo-boniteiro-reina-del-carmen\" target=\"_blank\" rel=\"noreferrer noopener\"><em>Tarifa segundo Ordenanza Fiscal Reguladora n\u00ba 21 (B.O.P: n\u00ba 133 de 2016)<\/em><\/a><\/li>\n<\/ul>\n\n\n\n<p><strong>IMPORTANTE: <\/strong>Todos\/as os\/as menores de idade deben ser anotados\/as obrigatoriamente, inclu\u00eddos beb\u00e9s.<\/p>\n\n\n\n<div style=\"height:40px\" aria-hidden=\"true\" class=\"wp-block-spacer\"><\/div>\n\n\n\n<p class=\"has-text-align-center\"><strong>Selecione no calendario cando desexa visitarnos<\/strong><\/p>\n\n\n<script>\n  if (typeof hasAmeliaEvent === 'undefined') {\n    var hasAmeliaEvent = true;\n  }\n  if (typeof hasEventApiCall === 'undefined' && ('' === '' && '' !== '1')) {\n    var hasEventApiCall = true;\n  }\n  var hasEventShortcode = (typeof hasEventShortcode === 'undefined') ? false : true;\n  var ameliaShortcodeData = (typeof ameliaShortcodeData === 'undefined') ? [] : ameliaShortcodeData;\n  ameliaShortcodeData.push(\n    {\n      'hasApiCall': (typeof hasEventApiCall !== 'undefined') && hasEventApiCall,\n      'trigger': '',\n      'trigger_type': '',\n      'triggered_form': 'ecf',\n      'in_dialog': '',\n      'counter': '1000',\n      'employee': '',\n      'eventId': '',\n      'eventRecurring': 0,\n      'eventTag': \"\",\n      'locationId': \"\"\n    }\n  );\n  var ameliaShortcodeDataTriggered = (typeof ameliaShortcodeDataTriggered === 'undefined') ? [] : ameliaShortcodeDataTriggered;\n  if (ameliaShortcodeData[ameliaShortcodeData.length - 1].trigger !== '') {\n    if (ameliaShortcodeDataTriggered.filter(a => a.counter === ameliaShortcodeData[ameliaShortcodeData.length - 1].counter).length === 0) {\n      ameliaShortcodeDataTriggered.push(ameliaShortcodeData.pop());\n    } else {\n      ameliaShortcodeData.pop()\n    }\n  }\n  if (typeof hasEventApiCall !== 'undefined' && hasEventApiCall) {\n    hasEventApiCall = false;\n  }\n<\/script>\n\n<div\n  id=\"amelia-v2-booking-1000\"\n  class=\"amelia-v2-booking\"\n>\n    <events-calendar-form-wrapper><\/div>\n\n\n\n\n<div style=\"height:40px\" aria-hidden=\"true\" class=\"wp-block-spacer\"><\/div>\n\n\n\n<p><strong>M\u00e1is informaci\u00f3n<\/strong> en <a href=\"https:\/\/burela.org\/gl\/barco-museo-boniteiro-reina-del-carmen\" target=\"_blank\" rel=\"noreferrer noopener\">https:\/\/burela.org\/gl\/barco-museo-boniteiro-reina-del-carmen<\/a><\/p>","protected":false},"excerpt":{"rendered":"<p>Visitas para el p\u00fablico general Visitas guiadas de 1 hora de duraci\u00f3n. M\u00e1ximo 20 personas por visita. Es imprescindible tener reserva previa para entrar al Barco. Horarios De septiembre a junio: de martes a viernes visitas a las 11:00h-12:00h-13:00h-17:00h-18:00h. S\u00e1bados a las 11:00h-12:00h-13:00h.Cerrado domingos, lunes y festivos. De junio a septiembre: de lunes a viernes [&hellip;]<\/p>","protected":false},"author":1,"featured_media":0,"parent":0,"menu_order":0,"comment_status":"closed","ping_status":"closed","template":"","meta":{"footnotes":""},"class_list":["post-15","page","type-page","status-publish","hentry"],"_links":{"self":[{"href":"https:\/\/reservasbarcoboniteiro.burela.org\/gl\/wp-json\/wp\/v2\/pages\/15","targetHints":{"allow":["GET"]}}],"collection":[{"href":"https:\/\/reservasbarcoboniteiro.burela.org\/gl\/wp-json\/wp\/v2\/pages"}],"about":[{"href":"https:\/\/reservasbarcoboniteiro.burela.org\/gl\/wp-json\/wp\/v2\/types\/page"}],"author":[{"embeddable":true,"href":"https:\/\/reservasbarcoboniteiro.burela.org\/gl\/wp-json\/wp\/v2\/users\/1"}],"replies":[{"embeddable":true,"href":"https:\/\/reservasbarcoboniteiro.burela.org\/gl\/wp-json\/wp\/v2\/comments?post=15"}],"version-history":[{"count":11,"href":"https:\/\/reservasbarcoboniteiro.burela.org\/gl\/wp-json\/wp\/v2\/pages\/15\/revisions"}],"predecessor-version":[{"id":1244,"href":"https:\/\/reservasbarcoboniteiro.burela.org\/gl\/wp-json\/wp\/v2\/pages\/15\/revisions\/1244"}],"wp:attachment":[{"href":"https:\/\/reservasbarcoboniteiro.burela.org\/gl\/wp-json\/wp\/v2\/media?parent=15"}],"curies":[{"name":"wp","href":"https:\/\/api.w.org\/{rel}","templated":true}]}}