{"id":79,"date":"2025-05-20T13:07:11","date_gmt":"2025-05-20T11:07:11","guid":{"rendered":"http:\/\/rutapeixe.clientes.galiciadigital.com\/?page_id=79"},"modified":"2025-05-20T13:07:11","modified_gmt":"2025-05-20T11:07:11","slug":"politica-de-privacidad","status":"publish","type":"page","link":"https:\/\/reservasbarcoboniteiro.burela.org\/gl\/politica-de-privacidad\/","title":{"rendered":"Pol\u00edtica de privacidade"},"content":{"rendered":"<p>La presente Pol\u00edtica de Privacidad ha sido desarrollada teniendo en cuenta lo dispuesto tanto por el Reglamento (UE) 2016\/679 del Parlamento Europeo y del Consejo del 27 de abril de 2016 relativo a la protecci\u00f3n de las personas f\u00edsicas en lo que respecta al tratamiento de datos personales y a la circulaci\u00f3n de estos datos y por el que se deroga la Directiva 95\/46\/CE (Reglamento General de Protecci\u00f3n de Datos) como por la Ley Org\u00e1nica 3\/2018, de 5 de diciembre, de Protecci\u00f3n de Datos y Garant\u00eda de derechos digitales.<\/p>\n\n\n\n<p>Tiene por objeto poner en conocimiento de los titulares de los datos personales, respecto de los cuales se est\u00e1 recabando informaci\u00f3n, los aspectos espec\u00edficos relativos al tratamiento de sus datos, la finalidad\/es de los mismos, los datos de contacto para ejercer los derechos que le asisten, los plazos de conservaci\u00f3n de la informaci\u00f3n y las medidas de seguridad entre otras cosas.<\/p>\n\n\n\n<p>Ser\u00e1 aplicable tanto a la informaci\u00f3n recogida directamente a trav\u00e9s de los diferentes servicios del Concello de Burela, como a trav\u00e9s de sus p\u00e1gina web&nbsp;oficial <a href=\"http:\/\/www.burela.org\/\">www.burela.org<\/a> y su sede electr\u00f3nica <a href=\"https:\/\/burela.sedelectronica.es\/info.0\" target=\"_blank\" rel=\"noreferrer noopener\">https:\/\/burela.sedelectronica.es\/info.0<\/a>.<\/p>\n\n\n\n<p><strong>Responsable del tratamiento<\/strong><\/p>\n\n\n\n<p>Responsable de tratamiento: Concello de Burela.<\/p>\n\n\n\n<p>Direcci\u00f3n postal: Cl. Eijo Garay, n\u00ba 20, CP 27880, en Burela (Lugo);<\/p>\n\n\n\n<p>Tel\u00e9fono: 982 58 60 00<\/p>\n\n\n\n<p>Correo electr\u00f3nico: <a href=\"mailto:protecciondedatos@burela.org\">protecciondedatos@burela.org<\/a><\/p>\n\n\n\n<p><strong>Delegado de protecci\u00f3n de datos<\/strong><\/p>\n\n\n\n<p>Delegado de Protecci\u00f3n de Datos designado: Computer-3, S.L.U.<\/p>\n\n\n\n<p>Tel\u00e9fono: 982 28 40 50<\/p>\n\n\n\n<p>Correo electr\u00f3nico: <a href=\"mailto:dpd@computer-3.com\">dpd@computer-3.com<\/a><\/p>\n\n\n\n<p><strong>Tratamiento de datos<\/strong><\/p>\n\n\n\n<p>Los datos de car\u00e1cter personal que se pudieran recabar directamente del interesado ser\u00e1n tratados de forma confidencial y quedar\u00e1n incorporados a la correspondiente actividad de tratamiento titularidad del Concello de Burela.<\/p>\n\n\n\n<p>La relaci\u00f3n de actividades de tratamiento realizadas por el Concello de Burela se encuentra reflejada en el Registro de Actividades de Tratamiento que estar\u00e1 disponible, una vez se apruebe por resoluci\u00f3n de Alcald\u00eda, dentro de la sede electr\u00f3nica del Concello.<\/p>\n\n\n\n<p>Registro de actividades de tratamiento del Concello de Burela.<\/p>\n\n\n\n<p>Los datos de car\u00e1cter personal que se soliciten, en su caso, consistir\u00e1n \u00fanicamente en aquellos estrictamente imprescindibles para identificar y atender la solicitud realizada por el titular de estos. Dicha informaci\u00f3n ser\u00e1 tratada de forma leal, l\u00edcita y transparente en relaci\u00f3n con el interesado. Los datos personales ser\u00e1n recogidos para finalidades determinadas, expl\u00edcitas y leg\u00edtimas, no siendo tratados ulteriormente de manera incompatible con dichos fines. Ser\u00e1n: adecuados, pertinentes y limitados a lo necesario en relaci\u00f3n con los fines para los que ser\u00e1n tratados. As\u00ed mismo, ser\u00e1n exactos y, si fuera necesario, actualizados, y se adoptar\u00e1n todas las medidas razonables para que se supriman o rectifiquen, sin dilaci\u00f3n, los datos personales que sean inexactos con respecto a los fines para los que se traten.<\/p>\n\n\n\n<p>Tanto el Concello de Burela como quienes intervengan en cualquier fase del tratamiento, est\u00e1n sometidos al m\u00e1s estricto secreto profesional, con un especial compromiso de adoptar los niveles de protecci\u00f3n y las medidas necesarias, tanto t\u00e9cnicas como organizativas, para garantizar la seguridad de los datos de car\u00e1cter personal.<\/p>\n\n\n\n<p><strong>Finalidad del tratamiento<\/strong><\/p>\n\n\n\n<p>La finalidad del tratamiento de los datos corresponde a cada una de las actividades de tratamiento que realiza el Concello de Burela y est\u00e1n accesibles en el&nbsp;registro de actividades&nbsp;de tratamiento. Registro de Actividades de tratamiento del Concello de Burela.<\/p>\n\n\n\n<p>Las finalidades expl\u00edcitas para las cuales se llevan a cabo cada uno de los tratamientos vienen recogido en las cl\u00e1usulas informativas incorporadas en cada una de las v\u00edas de captura de datos (formularios web, formularios en papel, carteles y notas informativas).<\/p>\n\n\n\n<p><strong>Legitimaci\u00f3n<\/strong><\/p>\n\n\n\n<p>El tratamiento de sus datos personales por parte del Concello de Burela se realiza para el cumplimiento de una obligaci\u00f3n legal, para el cumplimiento de una misi\u00f3n realizada en inter\u00e9s p\u00fablico o en el ejercicio de poderes p\u00fablicos, para la ejecuci\u00f3n de un contrato en el que el interesado es parte o bien mediante el consentimiento del interesado, al amparo de lo dispuesto en el art\u00edculo 6 del Reglamento General de Protecci\u00f3n de Datos.<\/p>\n\n\n\n<p>En caso de ser necesario el consentimiento del interesado para el tratamiento de datos, \u00e9ste ser\u00e1 recabado de forma expl\u00edcita, precisa e inequ\u00edvoca, mediante una clara acci\u00f3n afirmativa, teniendo derecho el interesado a retirar su consentimiento en cualquier momento. La retirada del consentimiento no afectar\u00e1 a la licitud del tratamiento basada en el consentimiento previo a su retirada.<\/p>\n\n\n\n<p>En cualquier caso, en el momento en que se recaben los datos, el interesado ser\u00e1 informado de la actividad de tratamiento para la cual se recogen sus datos, mediante una informaci\u00f3n b\u00e1sica y resumida, en la cual se incluye una remisi\u00f3n a la informaci\u00f3n adicional donde se presentar\u00e1 detalladamente el resto de informaci\u00f3n.<\/p>\n\n\n\n<p>El Registro de actividades de tratamiento, as\u00ed como la informaci\u00f3n adicional de cada tratamiento concreto, recoge la base legal aplicable a cada uno de ellos.<\/p>\n\n\n\n<p><strong>Conservaci\u00f3n de datos<\/strong><\/p>\n\n\n\n<p>Los datos personales ser\u00e1n conservados durante no m\u00e1s tiempo del necesario para los fines del tratamiento correspondiente, salvo que deban conservarse con fines de archivo en inter\u00e9s p\u00fablico, fines de investigaci\u00f3n cient\u00edfica o hist\u00f3rica o fines estad\u00edsticos, y hasta que se haya cumplido el plazo de prescripci\u00f3n de posibles responsabilidades nacidas del tratamiento.<\/p>\n\n\n\n<p><strong>Comunicaci\u00f3n de datos<\/strong><\/p>\n\n\n\n<p>El Concello de Burela no comunicar\u00e1 los datos personales a terceros, salvo obligaci\u00f3n legal o en el caso de tratarse de encargados de tratamiento del Concello de Burela previa firma del correspondiente contrato de tratamiento de datos por encargo en el que se regular\u00e1n todas las obligaciones del encargado de tratamiento referidas al tratamiento de datos titularidad del Concello que va a efectuar.<\/p>\n\n\n\n<p>Los destinatarios de comunicaciones de datos pueden ser consultados en el Registro de Actividades de Tratamiento.<\/p>\n\n\n\n<p><strong>Procedencia<\/strong><\/p>\n\n\n\n<p>Cuando los datos de car\u00e1cter personal no sean recogidos directamente del interesado, este extremo ser\u00e1 trasladado al interesado a trav\u00e9s de las cl\u00e1usulas contenidas en las diferentes v\u00edas de recogida de informaci\u00f3n y dentro de un plazo razonable, una vez obtenidos los datos, y a m\u00e1s tardar dentro de un mes.<\/p>\n\n\n\n<p><strong>Derechos de los interesados<\/strong><\/p>\n\n\n\n<p>Puede ejercer sus derechos de acceso, rectificaci\u00f3n, supresi\u00f3n y portabilidad de sus datos, de limitaci\u00f3n y oposici\u00f3n a su tratamiento, as\u00ed como a no ser objeto de decisiones basadas \u00fanicamente en el tratamiento automatizado de sus datos, cuando procedan.<\/p>\n\n\n\n<p>Los derechos que pueden ser ejercidos por los interesados, as\u00ed como la forma de ejercerlos, se detalla en la informaci\u00f3n adicional de protecci\u00f3n de datos de cada uno de los tratamientos que correspondan.<\/p>\n\n\n\n<p>Puede ejercer sus derechos mediante escrito dirigido al Concello de Burela y deber\u00e1n presentarlo mediante registro de entrada a trav\u00e9s de cualquier de los siguientes canales:<\/p>\n\n\n\n<ul class=\"wp-block-list\">\n<li>Presencialmente, en las oficinas de registro del Concello de Burela. A la solicitud deber\u00e1 acompa\u00f1ar fotocopia del DNI, NIE o pasaporte u otro documento v\u00e1lido que le identifique;<\/li>\n\n\n\n<li>Mediante registro telem\u00e1tico, en la sede electr\u00f3nica del Concello de Burela. Deber\u00e1 contar para ello con certificado digital o PIN 24 horas;<\/li>\n\n\n\n<li>En cualquiera de los lugares descritos en el art\u00edculo 16 de la Ley 39\/2015, de 1 de octubre, del Procedimiento Administrativo Com\u00fan de las Administraciones P\u00fablicas. A la solicitud deber\u00e1 acompa\u00f1ar fotocopia del DNI, NIE o pasaporte u otro documento v\u00e1lido que le identifique.<\/li>\n<\/ul>\n\n\n\n<p>Si considera que alguno de los derechos anteriormente mencionados no ha sido respetado, Usted tendr\u00e1 derecho a presentar una reclamaci\u00f3n ante la Agencia Espa\u00f1ola de Protecci\u00f3n de Datos(<a href=\"http:\/\/www.agpd.es\/\" target=\"_blank\" rel=\"noreferrer noopener\">www.agpd.es<\/a>).<\/p>","protected":false},"excerpt":{"rendered":"<p>La presente Pol\u00edtica de Privacidad ha sido desarrollada teniendo en cuenta lo dispuesto tanto por el Reglamento (UE) 2016\/679 del Parlamento Europeo y del Consejo del 27 de abril de 2016 relativo a la protecci\u00f3n de las personas f\u00edsicas en lo que respecta al tratamiento de datos personales y a la circulaci\u00f3n de estos datos [&hellip;]<\/p>","protected":false},"author":1,"featured_media":0,"parent":0,"menu_order":0,"comment_status":"closed","ping_status":"closed","template":"","meta":{"footnotes":""},"class_list":["post-79","page","type-page","status-publish","hentry"],"_links":{"self":[{"href":"https:\/\/reservasbarcoboniteiro.burela.org\/gl\/wp-json\/wp\/v2\/pages\/79","targetHints":{"allow":["GET"]}}],"collection":[{"href":"https:\/\/reservasbarcoboniteiro.burela.org\/gl\/wp-json\/wp\/v2\/pages"}],"about":[{"href":"https:\/\/reservasbarcoboniteiro.burela.org\/gl\/wp-json\/wp\/v2\/types\/page"}],"author":[{"embeddable":true,"href":"https:\/\/reservasbarcoboniteiro.burela.org\/gl\/wp-json\/wp\/v2\/users\/1"}],"replies":[{"embeddable":true,"href":"https:\/\/reservasbarcoboniteiro.burela.org\/gl\/wp-json\/wp\/v2\/comments?post=79"}],"version-history":[{"count":1,"href":"https:\/\/reservasbarcoboniteiro.burela.org\/gl\/wp-json\/wp\/v2\/pages\/79\/revisions"}],"predecessor-version":[{"id":88,"href":"https:\/\/reservasbarcoboniteiro.burela.org\/gl\/wp-json\/wp\/v2\/pages\/79\/revisions\/88"}],"wp:attachment":[{"href":"https:\/\/reservasbarcoboniteiro.burela.org\/gl\/wp-json\/wp\/v2\/media?parent=79"}],"curies":[{"name":"wp","href":"https:\/\/api.w.org\/{rel}","templated":true}]}}