{"id":80,"date":"2025-05-20T13:09:38","date_gmt":"2025-05-20T11:09:38","guid":{"rendered":"http:\/\/rutapeixe.clientes.galiciadigital.com\/?page_id=80"},"modified":"2025-05-20T13:09:38","modified_gmt":"2025-05-20T11:09:38","slug":"condiciones-de-la-reserva","status":"publish","type":"page","link":"https:\/\/reservasbarcoboniteiro.burela.org\/gl\/condiciones-de-la-reserva\/","title":{"rendered":"Condici\u00f3ns da reserva"},"content":{"rendered":"<p><strong>RECOMENDACI\u00d3NS E NORMAS A CUMPLIR<br>POLOS\/AS VISITANTES<\/strong>:<\/p>\n\n\n\n<ul class=\"wp-block-list\">\n<li>Visita non recomendable para persoas con Mobilidade reducida. Se\ndeciden visitalo ser\u00e1 baixo a s\u00faa responsabilidade.<\/li>\n\n\n\n<li>En todo momento os\/as menores estar\u00e1n acompa\u00f1ados por un\nadulto\/a, responsable destes durante a visita.<\/li>\n\n\n\n<li>Proh\u00edbese tocar ou manipular calquera elemento, exceptuando que as\u00ed o\npermita expresamente o gu\u00eda, e\/ou desviarse do traxecto indicado polo\ngu\u00eda do barco, deb\u00e9ndose cumprir en todo caso as s\u00faas indicaci\u00f3ns e\nrecomendaci\u00f3ns.<\/li>\n\n\n\n<li>Proh\u00edbese correr dentro do barco. Extremar as precauci\u00f3ns cando o\npavimento da cuberta estea h\u00famido por mor da choiva. Recom\u00e9ndase a\nvisita con calzado c\u00f3modo, prescindindo de tac\u00f3ns<\/li>\n\n\n\n<li>Para baixar e subir as escaleiras do interior do barco deber\u00e1 facerse\nbanzo a banzo, suxeit\u00e1ndose coas d\u00faas mans, e seguir en todo caso as\nindicaci\u00f3ns do gu\u00eda do barco.<\/li>\n\n\n\n<li>Proh\u00edbese fumar dentro do barco.<\/li>\n\n\n\n<li>En caso de perda ou roubo de obxectos, esta Administraci\u00f3n non se far\u00e1\nresponsable.<\/li>\n\n\n\n<li>No caso de que os\/as visitantes sufran danos, tanto corporais como\nmateriais, por incumprimento das normas ou un uso inadecuado das\ninstalaci\u00f3ns, esta Administraci\u00f3n non se far\u00e1 responsable.<a href=\"mailto:oficinadeturismo@burela.org\"><\/a><\/li>\n<\/ul>","protected":false},"excerpt":{"rendered":"<p>RECOMENDACIONES Y NORMAS A CUMPLIRPOR LOS\/AS VISITANTES:<\/p>","protected":false},"author":1,"featured_media":0,"parent":0,"menu_order":0,"comment_status":"closed","ping_status":"closed","template":"","meta":{"footnotes":""},"class_list":["post-80","page","type-page","status-publish","hentry"],"_links":{"self":[{"href":"https:\/\/reservasbarcoboniteiro.burela.org\/gl\/wp-json\/wp\/v2\/pages\/80","targetHints":{"allow":["GET"]}}],"collection":[{"href":"https:\/\/reservasbarcoboniteiro.burela.org\/gl\/wp-json\/wp\/v2\/pages"}],"about":[{"href":"https:\/\/reservasbarcoboniteiro.burela.org\/gl\/wp-json\/wp\/v2\/types\/page"}],"author":[{"embeddable":true,"href":"https:\/\/reservasbarcoboniteiro.burela.org\/gl\/wp-json\/wp\/v2\/users\/1"}],"replies":[{"embeddable":true,"href":"https:\/\/reservasbarcoboniteiro.burela.org\/gl\/wp-json\/wp\/v2\/comments?post=80"}],"version-history":[{"count":1,"href":"https:\/\/reservasbarcoboniteiro.burela.org\/gl\/wp-json\/wp\/v2\/pages\/80\/revisions"}],"predecessor-version":[{"id":89,"href":"https:\/\/reservasbarcoboniteiro.burela.org\/gl\/wp-json\/wp\/v2\/pages\/80\/revisions\/89"}],"wp:attachment":[{"href":"https:\/\/reservasbarcoboniteiro.burela.org\/gl\/wp-json\/wp\/v2\/media?parent=80"}],"curies":[{"name":"wp","href":"https:\/\/api.w.org\/{rel}","templated":true}]}}