{"id":92,"date":"2025-05-20T13:26:02","date_gmt":"2025-05-20T11:26:02","guid":{"rendered":"http:\/\/rutapeixe.clientes.galiciadigital.com\/?page_id=92"},"modified":"2025-05-20T13:30:06","modified_gmt":"2025-05-20T11:30:06","slug":"solicitud-de-reserva-para-grupos-concertados","status":"publish","type":"page","link":"https:\/\/reservasbarcoboniteiro.burela.org\/gl\/solicitud-de-reserva-para-grupos-concertados\/","title":{"rendered":"Solicitude de Reserva para Grupos Concertados"},"content":{"rendered":"<p>Por motivos de espazo e seguridade no Bar Museo, para reservas de m\u00e1is de 19 persoas deben completar este formulario de pre-reserva que permitir\u00e1 ao noso persoal po\u00f1erse en contacto con vostedes para concertar as visitas.<\/p>\n\n\n\n<p><strong>IMPORTANTE: A reserva s\u00f3 ser\u00e1 efectiva cando lle confirmemos dispo\u00f1ibilidade<\/strong><\/p>\n\n\n\n<div style=\"height:40px\" aria-hidden=\"true\" class=\"wp-block-spacer\"><\/div>\n\n\n\n<div class=\"wp-block-contact-form-7-contact-form-selector\">\n<div class=\"wpcf7 no-js\" id=\"wpcf7-f90-o1\" lang=\"es-ES\" dir=\"ltr\" data-wpcf7-id=\"90\">\n<div class=\"screen-reader-response\"><p role=\"status\" aria-live=\"polite\" aria-atomic=\"true\"><\/p> <ul><\/ul><\/div>\n<form action=\"\/gl\/wp-json\/wp\/v2\/pages\/92#wpcf7-f90-o1\" method=\"post\" class=\"wpcf7-form init\" aria-label=\"Formulario de contacto\" novalidate=\"novalidate\" data-status=\"init\" data-trp-original-action=\"\/gl\/wp-json\/wp\/v2\/pages\/92#wpcf7-f90-o1\">\n<div style=\"display: none;\">\n<input type=\"hidden\" name=\"_wpcf7\" value=\"90\" \/>\n<input type=\"hidden\" name=\"_wpcf7_version\" value=\"6.0.6\" \/>\n<input type=\"hidden\" name=\"_wpcf7_locale\" value=\"es_ES\" \/>\n<input type=\"hidden\" name=\"_wpcf7_unit_tag\" value=\"wpcf7-f90-o1\" \/>\n<input type=\"hidden\" name=\"_wpcf7_container_post\" value=\"0\" \/>\n<input type=\"hidden\" name=\"_wpcf7_posted_data_hash\" value=\"\" \/>\n<input type=\"hidden\" name=\"_wpcf7cf_hidden_group_fields\" value=\"[]\" \/>\n<input type=\"hidden\" name=\"_wpcf7cf_hidden_groups\" value=\"[]\" \/>\n<input type=\"hidden\" name=\"_wpcf7cf_visible_groups\" value=\"[]\" \/>\n<input type=\"hidden\" name=\"_wpcf7cf_repeaters\" value=\"[]\" \/>\n<input type=\"hidden\" name=\"_wpcf7cf_steps\" value=\"{}\" \/>\n<input type=\"hidden\" name=\"_wpcf7cf_options\" value=\"{&quot;form_id&quot;:90,&quot;conditions&quot;:[],&quot;settings&quot;:{&quot;animation&quot;:&quot;yes&quot;,&quot;animation_intime&quot;:200,&quot;animation_outtime&quot;:200,&quot;conditions_ui&quot;:&quot;normal&quot;,&quot;notice_dismissed&quot;:false}}\" \/>\n<\/div>\n<p><label> Tipo de grupo<br \/>\n<span class=\"wpcf7-form-control-wrap\" data-name=\"menu-217\"><select class=\"wpcf7-form-control wpcf7-select wpcf7-validates-as-required\" aria-required=\"true\" aria-invalid=\"false\" name=\"menu-217\"><option value=\"\">\u2014Por favor, elixe unha opci\u00f3n\u2014<\/option><option value=\"1 - Visitas acad\u00e9micas de CEIPS e IES (entrada gratu\u00edta durante el curso acad\u00e9mico)\">1 - Visitas acad\u00e9micas de CEIPS e IES (entrada gratu\u00edta durante el curso acad\u00e9mico)<\/option><option value=\"2 - Asociaciones, agencias de viajes y otras entidades\">2 - Asociaciones, agencias de viajes y otras entidades<\/option><option value=\"3 - Grupos de m\u00e1s de 20 personas\">3 - Grupos de m\u00e1s de 20 personas<\/option><\/select><\/span> <\/label>\n<\/p>\n<div data-id=\"asociacion-axencia-entidad\" data-orig_data_id=\"asociacion-axencia-entidad\"  data-class=\"wpcf7cf_group\">\n\t<p><label> Nome asociaci\u00f3n \/ axencia de viaxes \/ entidade<br \/>\n<span class=\"wpcf7-form-control-wrap\" data-name=\"nombre-aso\"><input size=\"40\" maxlength=\"400\" class=\"wpcf7-form-control wpcf7-text wpcf7-validates-as-required\" aria-required=\"true\" aria-invalid=\"false\" value=\"\" type=\"text\" name=\"nombre-aso\" \/><\/span> <\/label>\n\t<\/p>\n<\/div>\n<div data-id=\"ceip-ies\" data-orig_data_id=\"ceip-ies\"  data-class=\"wpcf7cf_group\">\n\t<p><label> Nome CEIP \/ IES<br \/>\n<span class=\"wpcf7-form-control-wrap\" data-name=\"nombre-ceip-ies\"><input size=\"40\" maxlength=\"400\" class=\"wpcf7-form-control wpcf7-text wpcf7-validates-as-required\" aria-required=\"true\" aria-invalid=\"false\" value=\"\" type=\"text\" name=\"nombre-ceip-ies\" \/><\/span> <\/label><br \/>\n<label> Cursos acad\u00e9micos<br \/>\n<span class=\"wpcf7-form-control-wrap\" data-name=\"cursos-ceip-ies\"><input size=\"40\" maxlength=\"400\" class=\"wpcf7-form-control wpcf7-text wpcf7-validates-as-required\" aria-required=\"true\" aria-invalid=\"false\" value=\"\" type=\"text\" name=\"cursos-ceip-ies\" \/><\/span> <\/label>\n\t<\/p>\n<\/div>\n<p><label> Persoa Responsable<br \/>\n<span class=\"wpcf7-form-control-wrap\" data-name=\"your-name\"><input size=\"40\" maxlength=\"400\" class=\"wpcf7-form-control wpcf7-text wpcf7-validates-as-required\" aria-required=\"true\" aria-invalid=\"false\" value=\"\" type=\"text\" name=\"your-name\" \/><\/span> <\/label>\n<\/p>\n<p><label> Mail Contacto<br \/>\n<span class=\"wpcf7-form-control-wrap\" data-name=\"your-email\"><input size=\"40\" maxlength=\"400\" class=\"wpcf7-form-control wpcf7-email wpcf7-validates-as-required wpcf7-text wpcf7-validates-as-email\" aria-required=\"true\" aria-invalid=\"false\" value=\"\" type=\"email\" name=\"your-email\" \/><\/span> <\/label>\n<\/p>\n<p><label> Tel\u00e9fono Contacto<br \/>\n<span class=\"wpcf7-form-control-wrap\" data-name=\"tel-129\"><input size=\"40\" maxlength=\"400\" class=\"wpcf7-form-control wpcf7-tel wpcf7-validates-as-required wpcf7-text wpcf7-validates-as-tel\" aria-required=\"true\" aria-invalid=\"false\" value=\"\" type=\"tel\" name=\"tel-129\" \/><\/span> <\/label>\n<\/p>\n<p><label> N\u00famero visitantes<br \/>\n<span class=\"wpcf7-form-control-wrap\" data-name=\"numerovisitantes-467\"><input class=\"wpcf7-form-control wpcf7-number wpcf7-validates-as-required wpcf7-validates-as-number\" min=\"20\" max=\"200\" aria-required=\"true\" aria-invalid=\"false\" value=\"\" type=\"number\" name=\"numerovisitantes-467\" \/><\/span> <\/label>\n<\/p>\n<p><label> Data e hora solicitada para visita<br \/>\n<span class=\"wpcf7-form-control-wrap\" data-name=\"fechahora-380\"><input size=\"40\" maxlength=\"400\" class=\"wpcf7-form-control wpcf7-text wpcf7-validates-as-required walcf7-datetimepicker\" aria-required=\"true\" aria-invalid=\"false\" value=\"\" type=\"text\" name=\"fechahora-380\" \/><\/span> <\/label>\n<\/p>\n<p><label> Localidade procedencia<br \/>\n<span class=\"wpcf7-form-control-wrap\" data-name=\"localidad-821\"><input size=\"40\" maxlength=\"400\" class=\"wpcf7-form-control wpcf7-text wpcf7-validates-as-required\" aria-required=\"true\" aria-invalid=\"false\" value=\"\" type=\"text\" name=\"localidad-821\" \/><\/span> <\/label>\n<\/p>\n<p><input class=\"wpcf7-form-control wpcf7-submit has-spinner\" type=\"submit\" value=\"Enviar solicitude\" \/>\n<\/p><div class=\"wpcf7-response-output\" aria-hidden=\"true\"><\/div>\n<input type=\"hidden\" name=\"trp-form-language\" value=\"gl\"\/><\/form>\n<\/div>\n<\/div>","protected":false},"excerpt":{"rendered":"<p>Por motivos de espacio y seguridad en el Barco Museo, para reservas de m\u00e1s de 19 personas deben rellenar este formulario de pre-reserva que permitir\u00e1 a nuestro personal ponerse en contacto con ustedes para concertar las visitas. IMPORTANTE: La reserva s\u00f3lo ser\u00e1 efectiva cuando le confirmemos disponibilidad<\/p>","protected":false},"author":1,"featured_media":0,"parent":0,"menu_order":0,"comment_status":"closed","ping_status":"closed","template":"","meta":{"footnotes":""},"class_list":["post-92","page","type-page","status-publish","hentry"],"_links":{"self":[{"href":"https:\/\/reservasbarcoboniteiro.burela.org\/gl\/wp-json\/wp\/v2\/pages\/92","targetHints":{"allow":["GET"]}}],"collection":[{"href":"https:\/\/reservasbarcoboniteiro.burela.org\/gl\/wp-json\/wp\/v2\/pages"}],"about":[{"href":"https:\/\/reservasbarcoboniteiro.burela.org\/gl\/wp-json\/wp\/v2\/types\/page"}],"author":[{"embeddable":true,"href":"https:\/\/reservasbarcoboniteiro.burela.org\/gl\/wp-json\/wp\/v2\/users\/1"}],"replies":[{"embeddable":true,"href":"https:\/\/reservasbarcoboniteiro.burela.org\/gl\/wp-json\/wp\/v2\/comments?post=92"}],"version-history":[{"count":2,"href":"https:\/\/reservasbarcoboniteiro.burela.org\/gl\/wp-json\/wp\/v2\/pages\/92\/revisions"}],"predecessor-version":[{"id":94,"href":"https:\/\/reservasbarcoboniteiro.burela.org\/gl\/wp-json\/wp\/v2\/pages\/92\/revisions\/94"}],"wp:attachment":[{"href":"https:\/\/reservasbarcoboniteiro.burela.org\/gl\/wp-json\/wp\/v2\/media?parent=92"}],"curies":[{"name":"wp","href":"https:\/\/api.w.org\/{rel}","templated":true}]}}